{"id":27,"date":"2024-08-28T22:28:01","date_gmt":"2024-08-28T20:28:01","guid":{"rendered":"https:\/\/lafermedes1000couleurs.fr\/?page_id=27"},"modified":"2024-09-01T15:38:47","modified_gmt":"2024-09-01T13:38:47","slug":"residence_artistique","status":"publish","type":"page","link":"https:\/\/lafermedes1000couleurs.fr\/index.php\/residence_artistique\/","title":{"rendered":"R\u00e9sidence artistique \u00e0 la ferme des 1000 couleurs"},"content":{"rendered":"\n<figure class=\"wp-block-image size-full\"><img loading=\"lazy\" decoding=\"async\" width=\"751\" height=\"1000\" src=\"https:\/\/lafermedes1000couleurs.fr\/wp-content\/uploads\/2024\/09\/IMG_20220528_114942.jpg\" alt=\"\" class=\"wp-image-60\" srcset=\"https:\/\/lafermedes1000couleurs.fr\/wp-content\/uploads\/2024\/09\/IMG_20220528_114942.jpg 751w, https:\/\/lafermedes1000couleurs.fr\/wp-content\/uploads\/2024\/09\/IMG_20220528_114942-225x300.jpg 225w\" sizes=\"auto, (max-width: 751px) 100vw, 751px\" \/><\/figure>\n\n\n\n<p>Nous accueillons des artistes en r\u00e9sidence s&#8217;ils ont un projet autour de la teinture naturelle ou des plantes.<\/p>\n\n\n\n<p>Merci de nous adresser un dossier succinct \u00e0 ferme1000couleurs@gmail.com afin que nous puissions juger de sa faisabilit\u00e9 (si votre art requiert de trouver un poste \u00e0 soudure \u00e0 l&#8217;\u00e9thyl\u00e8ne, il faut qu&#8217;on r\u00e9fl\u00e9chisse avant de l&#8217;accepter)<\/p>\n","protected":false},"excerpt":{"rendered":"<p>Nous accueillons des artistes en r\u00e9sidence s&#8217;ils ont un projet autour de la teinture naturelle ou des plantes. Merci de nous adresser un dossier succinct \u00e0 ferme1000couleurs@gmail.com afin que nous puissions juger de sa faisabilit\u00e9 (si votre art requiert de trouver un poste \u00e0 soudure \u00e0 l&#8217;\u00e9thyl\u00e8ne, il faut qu&#8217;on r\u00e9fl\u00e9chisse avant de l&#8217;accepter)<\/p>\n","protected":false},"author":1,"featured_media":0,"parent":0,"menu_order":0,"comment_status":"closed","ping_status":"closed","template":"","meta":{"footnotes":""},"class_list":["post-27","page","type-page","status-publish","hentry"],"_links":{"self":[{"href":"https:\/\/lafermedes1000couleurs.fr\/index.php\/wp-json\/wp\/v2\/pages\/27","targetHints":{"allow":["GET"]}}],"collection":[{"href":"https:\/\/lafermedes1000couleurs.fr\/index.php\/wp-json\/wp\/v2\/pages"}],"about":[{"href":"https:\/\/lafermedes1000couleurs.fr\/index.php\/wp-json\/wp\/v2\/types\/page"}],"author":[{"embeddable":true,"href":"https:\/\/lafermedes1000couleurs.fr\/index.php\/wp-json\/wp\/v2\/users\/1"}],"replies":[{"embeddable":true,"href":"https:\/\/lafermedes1000couleurs.fr\/index.php\/wp-json\/wp\/v2\/comments?post=27"}],"version-history":[{"count":3,"href":"https:\/\/lafermedes1000couleurs.fr\/index.php\/wp-json\/wp\/v2\/pages\/27\/revisions"}],"predecessor-version":[{"id":61,"href":"https:\/\/lafermedes1000couleurs.fr\/index.php\/wp-json\/wp\/v2\/pages\/27\/revisions\/61"}],"wp:attachment":[{"href":"https:\/\/lafermedes1000couleurs.fr\/index.php\/wp-json\/wp\/v2\/media?parent=27"}],"curies":[{"name":"wp","href":"https:\/\/api.w.org\/{rel}","templated":true}]}}