{"id":29,"date":"2024-08-28T22:28:21","date_gmt":"2024-08-28T20:28:21","guid":{"rendered":"https:\/\/lafermedes1000couleurs.fr\/?page_id=29"},"modified":"2024-09-01T15:18:54","modified_gmt":"2024-09-01T13:18:54","slug":"activites","status":"publish","type":"page","link":"https:\/\/lafermedes1000couleurs.fr\/index.php\/activites\/","title":{"rendered":"activites"},"content":{"rendered":"\n<p>La Ferme des 1000 couleurs est un jardin d&#8217;un hectare consacr\u00e9 \u00e0 la teinture naturelle.<\/p>\n\n\n\n<p>Situ\u00e9 dans le Nord Cotentin, \u00e0 proximit\u00e9 de la mer, nous formons des groupes ou des particuliers aux techniques de la teinture et de l&#8217;\u00e9coprint, et cultivons des plantes tinctoriales \u00e0 cet effet.<\/p>\n\n\n\n<figure class=\"wp-block-image size-large\"><img loading=\"lazy\" decoding=\"async\" width=\"1024\" height=\"771\" src=\"https:\/\/lafermedes1000couleurs.fr\/wp-content\/uploads\/2024\/09\/PXL_20240817_165514181-1024x771.jpg\" alt=\"\" class=\"wp-image-38\" srcset=\"https:\/\/lafermedes1000couleurs.fr\/wp-content\/uploads\/2024\/09\/PXL_20240817_165514181-1024x771.jpg 1024w, https:\/\/lafermedes1000couleurs.fr\/wp-content\/uploads\/2024\/09\/PXL_20240817_165514181-300x226.jpg 300w, https:\/\/lafermedes1000couleurs.fr\/wp-content\/uploads\/2024\/09\/PXL_20240817_165514181-768x578.jpg 768w, https:\/\/lafermedes1000couleurs.fr\/wp-content\/uploads\/2024\/09\/PXL_20240817_165514181.jpg 1328w\" sizes=\"auto, (max-width: 1024px) 100vw, 1024px\" \/><\/figure>\n","protected":false},"excerpt":{"rendered":"<p>La Ferme des 1000 couleurs est un jardin d&#8217;un hectare consacr\u00e9 \u00e0 la teinture naturelle. Situ\u00e9 dans le Nord Cotentin, \u00e0 proximit\u00e9 de la mer, nous formons des groupes ou des particuliers aux techniques de la teinture et de l&#8217;\u00e9coprint, et cultivons des plantes tinctoriales \u00e0 cet effet.<\/p>\n","protected":false},"author":1,"featured_media":0,"parent":0,"menu_order":0,"comment_status":"closed","ping_status":"closed","template":"","meta":{"footnotes":""},"class_list":["post-29","page","type-page","status-publish","hentry"],"_links":{"self":[{"href":"https:\/\/lafermedes1000couleurs.fr\/index.php\/wp-json\/wp\/v2\/pages\/29","targetHints":{"allow":["GET"]}}],"collection":[{"href":"https:\/\/lafermedes1000couleurs.fr\/index.php\/wp-json\/wp\/v2\/pages"}],"about":[{"href":"https:\/\/lafermedes1000couleurs.fr\/index.php\/wp-json\/wp\/v2\/types\/page"}],"author":[{"embeddable":true,"href":"https:\/\/lafermedes1000couleurs.fr\/index.php\/wp-json\/wp\/v2\/users\/1"}],"replies":[{"embeddable":true,"href":"https:\/\/lafermedes1000couleurs.fr\/index.php\/wp-json\/wp\/v2\/comments?post=29"}],"version-history":[{"count":3,"href":"https:\/\/lafermedes1000couleurs.fr\/index.php\/wp-json\/wp\/v2\/pages\/29\/revisions"}],"predecessor-version":[{"id":39,"href":"https:\/\/lafermedes1000couleurs.fr\/index.php\/wp-json\/wp\/v2\/pages\/29\/revisions\/39"}],"wp:attachment":[{"href":"https:\/\/lafermedes1000couleurs.fr\/index.php\/wp-json\/wp\/v2\/media?parent=29"}],"curies":[{"name":"wp","href":"https:\/\/api.w.org\/{rel}","templated":true}]}}