{"id":41,"date":"2024-09-01T15:32:56","date_gmt":"2024-09-01T13:32:56","guid":{"rendered":"https:\/\/lafermedes1000couleurs.fr\/?page_id=41"},"modified":"2024-09-01T18:44:32","modified_gmt":"2024-09-01T16:44:32","slug":"les-woofeuses-merveilleuses","status":"publish","type":"page","link":"https:\/\/lafermedes1000couleurs.fr\/index.php\/les-woofeuses-merveilleuses\/","title":{"rendered":"Les Woofeuses Merveilleuses"},"content":{"rendered":"\n<p class=\"has-text-align-center\">Si vous \u00eates ici, c&#8217;est parce que nous avons r\u00e9ussi \u00e0 \u00e9tablir une alchimie, une harmonie, une&#8230; bref il faut qu&#8217;on le dise, alors 1000 mercis \u00e0<\/p>\n\n\n\n<div class=\"wp-block-media-text is-stacked-on-mobile\"><figure class=\"wp-block-media-text__media\"><img loading=\"lazy\" decoding=\"async\" width=\"1024\" height=\"769\" src=\"https:\/\/lafermedes1000couleurs.fr\/wp-content\/uploads\/2024\/09\/IMG_20210329_155858-1-1024x769.jpg\" alt=\"\" class=\"wp-image-43 size-full\" srcset=\"https:\/\/lafermedes1000couleurs.fr\/wp-content\/uploads\/2024\/09\/IMG_20210329_155858-1-1024x769.jpg 1024w, https:\/\/lafermedes1000couleurs.fr\/wp-content\/uploads\/2024\/09\/IMG_20210329_155858-1-300x225.jpg 300w, https:\/\/lafermedes1000couleurs.fr\/wp-content\/uploads\/2024\/09\/IMG_20210329_155858-1-768x577.jpg 768w, https:\/\/lafermedes1000couleurs.fr\/wp-content\/uploads\/2024\/09\/IMG_20210329_155858-1.jpg 1332w\" sizes=\"auto, (max-width: 1024px) 100vw, 1024px\" \/><\/figure><div class=\"wp-block-media-text__content\">\n<p>Margot et Agathe<\/p>\n<\/div><\/div>\n\n\n\n<div class=\"wp-block-media-text has-media-on-the-right is-stacked-on-mobile\"><div class=\"wp-block-media-text__content\">\n<p>Margot Agathe et Juliette<\/p>\n<\/div><figure class=\"wp-block-media-text__media\"><img loading=\"lazy\" decoding=\"async\" width=\"1024\" height=\"769\" src=\"https:\/\/lafermedes1000couleurs.fr\/wp-content\/uploads\/2024\/09\/IMG_20210415_230921-1024x769.jpg\" alt=\"\" class=\"wp-image-44 size-full\" srcset=\"https:\/\/lafermedes1000couleurs.fr\/wp-content\/uploads\/2024\/09\/IMG_20210415_230921-1024x769.jpg 1024w, https:\/\/lafermedes1000couleurs.fr\/wp-content\/uploads\/2024\/09\/IMG_20210415_230921-300x225.jpg 300w, https:\/\/lafermedes1000couleurs.fr\/wp-content\/uploads\/2024\/09\/IMG_20210415_230921-768x577.jpg 768w, https:\/\/lafermedes1000couleurs.fr\/wp-content\/uploads\/2024\/09\/IMG_20210415_230921.jpg 1332w\" sizes=\"auto, (max-width: 1024px) 100vw, 1024px\" \/><\/figure><\/div>\n\n\n\n<div class=\"wp-block-media-text is-stacked-on-mobile\"><figure class=\"wp-block-media-text__media\"><img loading=\"lazy\" decoding=\"async\" width=\"1024\" height=\"769\" src=\"https:\/\/lafermedes1000couleurs.fr\/wp-content\/uploads\/2024\/09\/IMG_20220426_181659-1024x769.jpg\" alt=\"\" class=\"wp-image-45 size-full\" srcset=\"https:\/\/lafermedes1000couleurs.fr\/wp-content\/uploads\/2024\/09\/IMG_20220426_181659-1024x769.jpg 1024w, https:\/\/lafermedes1000couleurs.fr\/wp-content\/uploads\/2024\/09\/IMG_20220426_181659-300x225.jpg 300w, https:\/\/lafermedes1000couleurs.fr\/wp-content\/uploads\/2024\/09\/IMG_20220426_181659-768x577.jpg 768w, https:\/\/lafermedes1000couleurs.fr\/wp-content\/uploads\/2024\/09\/IMG_20220426_181659.jpg 1332w\" sizes=\"auto, (max-width: 1024px) 100vw, 1024px\" \/><\/figure><div class=\"wp-block-media-text__content\">\n<p>Manon<\/p>\n<\/div><\/div>\n\n\n\n<div class=\"wp-block-media-text has-media-on-the-right is-stacked-on-mobile\"><div class=\"wp-block-media-text__content\">\n<p><\/p>\n<\/div><figure class=\"wp-block-media-text__media\"><img loading=\"lazy\" decoding=\"async\" width=\"1024\" height=\"769\" src=\"https:\/\/lafermedes1000couleurs.fr\/wp-content\/uploads\/2024\/09\/IMG_20210825_192202-1024x769.jpg\" alt=\"\" class=\"wp-image-46 size-full\" srcset=\"https:\/\/lafermedes1000couleurs.fr\/wp-content\/uploads\/2024\/09\/IMG_20210825_192202-1024x769.jpg 1024w, https:\/\/lafermedes1000couleurs.fr\/wp-content\/uploads\/2024\/09\/IMG_20210825_192202-300x225.jpg 300w, https:\/\/lafermedes1000couleurs.fr\/wp-content\/uploads\/2024\/09\/IMG_20210825_192202-768x577.jpg 768w, https:\/\/lafermedes1000couleurs.fr\/wp-content\/uploads\/2024\/09\/IMG_20210825_192202.jpg 1332w\" sizes=\"auto, (max-width: 1024px) 100vw, 1024px\" \/><\/figure><\/div>\n\n\n\n<div class=\"wp-block-media-text is-stacked-on-mobile\"><figure class=\"wp-block-media-text__media\"><img loading=\"lazy\" decoding=\"async\" width=\"1024\" height=\"769\" src=\"https:\/\/lafermedes1000couleurs.fr\/wp-content\/uploads\/2024\/09\/IMG_20210819_114706-1024x769.jpg\" alt=\"\" class=\"wp-image-47 size-full\" srcset=\"https:\/\/lafermedes1000couleurs.fr\/wp-content\/uploads\/2024\/09\/IMG_20210819_114706-1024x769.jpg 1024w, https:\/\/lafermedes1000couleurs.fr\/wp-content\/uploads\/2024\/09\/IMG_20210819_114706-300x225.jpg 300w, https:\/\/lafermedes1000couleurs.fr\/wp-content\/uploads\/2024\/09\/IMG_20210819_114706-768x577.jpg 768w, https:\/\/lafermedes1000couleurs.fr\/wp-content\/uploads\/2024\/09\/IMG_20210819_114706.jpg 1332w\" sizes=\"auto, (max-width: 1024px) 100vw, 1024px\" \/><\/figure><div class=\"wp-block-media-text__content\">\n<p>Mitja et Mitia <\/p>\n<\/div><\/div>\n\n\n\n<div class=\"wp-block-media-text has-media-on-the-right is-stacked-on-mobile\"><div class=\"wp-block-media-text__content\">\n<p>Lilou<\/p>\n<\/div><figure class=\"wp-block-media-text__media\"><img loading=\"lazy\" decoding=\"async\" width=\"751\" height=\"1000\" src=\"https:\/\/lafermedes1000couleurs.fr\/wp-content\/uploads\/2024\/09\/IMG_20220511_182443-1.jpg\" alt=\"\" class=\"wp-image-94 size-full\" srcset=\"https:\/\/lafermedes1000couleurs.fr\/wp-content\/uploads\/2024\/09\/IMG_20220511_182443-1.jpg 751w, https:\/\/lafermedes1000couleurs.fr\/wp-content\/uploads\/2024\/09\/IMG_20220511_182443-1-225x300.jpg 225w\" sizes=\"auto, (max-width: 751px) 100vw, 751px\" \/><\/figure><\/div>\n\n\n\n<div class=\"wp-block-media-text has-media-on-the-right is-stacked-on-mobile\"><div class=\"wp-block-media-text__content\">\n<p>Petit Noyau<\/p>\n<\/div><figure class=\"wp-block-media-text__media\"><img loading=\"lazy\" decoding=\"async\" width=\"751\" height=\"1000\" src=\"https:\/\/lafermedes1000couleurs.fr\/wp-content\/uploads\/2024\/09\/IMG_20220715_171227.jpg\" alt=\"\" class=\"wp-image-49 size-full\" srcset=\"https:\/\/lafermedes1000couleurs.fr\/wp-content\/uploads\/2024\/09\/IMG_20220715_171227.jpg 751w, https:\/\/lafermedes1000couleurs.fr\/wp-content\/uploads\/2024\/09\/IMG_20220715_171227-225x300.jpg 225w\" sizes=\"auto, (max-width: 751px) 100vw, 751px\" \/><\/figure><\/div>\n\n\n\n<div class=\"wp-block-media-text is-stacked-on-mobile\"><figure class=\"wp-block-media-text__media\"><img loading=\"lazy\" decoding=\"async\" width=\"750\" height=\"1000\" src=\"https:\/\/lafermedes1000couleurs.fr\/wp-content\/uploads\/2024\/09\/20240523_152901.jpg\" alt=\"\" class=\"wp-image-50 size-full\" srcset=\"https:\/\/lafermedes1000couleurs.fr\/wp-content\/uploads\/2024\/09\/20240523_152901.jpg 750w, https:\/\/lafermedes1000couleurs.fr\/wp-content\/uploads\/2024\/09\/20240523_152901-225x300.jpg 225w\" sizes=\"auto, (max-width: 750px) 100vw, 750px\" \/><\/figure><div class=\"wp-block-media-text__content\">\n<p>Malcom ( The Crooner )<\/p>\n<\/div><\/div>\n\n\n\n<div class=\"wp-block-media-text has-media-on-the-right is-stacked-on-mobile\"><div class=\"wp-block-media-text__content\">\n<p>Ana\u00eblle et Marketa<\/p>\n<\/div><figure class=\"wp-block-media-text__media\"><img loading=\"lazy\" decoding=\"async\" width=\"1024\" height=\"768\" src=\"https:\/\/lafermedes1000couleurs.fr\/wp-content\/uploads\/2024\/09\/PXL_20240819_144930129-1024x768.jpg\" alt=\"\" class=\"wp-image-51 size-full\" srcset=\"https:\/\/lafermedes1000couleurs.fr\/wp-content\/uploads\/2024\/09\/PXL_20240819_144930129-1024x768.jpg 1024w, https:\/\/lafermedes1000couleurs.fr\/wp-content\/uploads\/2024\/09\/PXL_20240819_144930129-300x225.jpg 300w, https:\/\/lafermedes1000couleurs.fr\/wp-content\/uploads\/2024\/09\/PXL_20240819_144930129-768x576.jpg 768w, https:\/\/lafermedes1000couleurs.fr\/wp-content\/uploads\/2024\/09\/PXL_20240819_144930129.jpg 1333w\" sizes=\"auto, (max-width: 1024px) 100vw, 1024px\" \/><\/figure><\/div>\n\n\n\n<div class=\"wp-block-media-text is-stacked-on-mobile\"><figure class=\"wp-block-media-text__media\"><img loading=\"lazy\" decoding=\"async\" width=\"1024\" height=\"771\" src=\"https:\/\/lafermedes1000couleurs.fr\/wp-content\/uploads\/2024\/09\/PXL_20240822_153417785.MP_-1024x771.jpg\" alt=\"\" class=\"wp-image-52 size-full\" srcset=\"https:\/\/lafermedes1000couleurs.fr\/wp-content\/uploads\/2024\/09\/PXL_20240822_153417785.MP_-1024x771.jpg 1024w, https:\/\/lafermedes1000couleurs.fr\/wp-content\/uploads\/2024\/09\/PXL_20240822_153417785.MP_-300x226.jpg 300w, https:\/\/lafermedes1000couleurs.fr\/wp-content\/uploads\/2024\/09\/PXL_20240822_153417785.MP_-768x578.jpg 768w, https:\/\/lafermedes1000couleurs.fr\/wp-content\/uploads\/2024\/09\/PXL_20240822_153417785.MP_.jpg 1328w\" sizes=\"auto, (max-width: 1024px) 100vw, 1024px\" \/><\/figure><div class=\"wp-block-media-text__content\">\n<p>Juliette et P\u00e9rine<\/p>\n<\/div><\/div>\n\n\n\n<div class=\"wp-block-media-text has-media-on-the-right is-stacked-on-mobile\"><div class=\"wp-block-media-text__content\">\n<p>Leonardo et Lilou<\/p>\n<\/div><figure class=\"wp-block-media-text__media\"><img loading=\"lazy\" decoding=\"async\" width=\"753\" height=\"1000\" src=\"https:\/\/lafermedes1000couleurs.fr\/wp-content\/uploads\/2024\/09\/PXL_20240823_135452998.MP_.jpg\" alt=\"\" class=\"wp-image-53 size-full\" srcset=\"https:\/\/lafermedes1000couleurs.fr\/wp-content\/uploads\/2024\/09\/PXL_20240823_135452998.MP_.jpg 753w, https:\/\/lafermedes1000couleurs.fr\/wp-content\/uploads\/2024\/09\/PXL_20240823_135452998.MP_-226x300.jpg 226w\" sizes=\"auto, (max-width: 753px) 100vw, 753px\" \/><\/figure><\/div>\n\n\n\n<div class=\"wp-block-media-text is-stacked-on-mobile\"><figure class=\"wp-block-media-text__media\"><img loading=\"lazy\" decoding=\"async\" width=\"751\" height=\"1000\" src=\"https:\/\/lafermedes1000couleurs.fr\/wp-content\/uploads\/2024\/09\/IMG_20210715_205139.jpg\" alt=\"\" class=\"wp-image-54 size-full\" srcset=\"https:\/\/lafermedes1000couleurs.fr\/wp-content\/uploads\/2024\/09\/IMG_20210715_205139.jpg 751w, https:\/\/lafermedes1000couleurs.fr\/wp-content\/uploads\/2024\/09\/IMG_20210715_205139-225x300.jpg 225w\" sizes=\"auto, (max-width: 751px) 100vw, 751px\" \/><\/figure><div class=\"wp-block-media-text__content\">\n<p>Jeanne et Louise (pour la construction du  Stairway to Heaven)<\/p>\n<\/div><\/div>\n\n\n\n<div class=\"wp-block-media-text has-media-on-the-right is-stacked-on-mobile\"><div class=\"wp-block-media-text__content\">\n<p>Nathan et Cynthia (Our farest Woofers from Hong Kong)<\/p>\n<\/div><figure class=\"wp-block-media-text__media\"><img loading=\"lazy\" decoding=\"async\" width=\"751\" height=\"1000\" src=\"https:\/\/lafermedes1000couleurs.fr\/wp-content\/uploads\/2024\/09\/IMG_20240428_163003.jpg\" alt=\"\" class=\"wp-image-55 size-full\" srcset=\"https:\/\/lafermedes1000couleurs.fr\/wp-content\/uploads\/2024\/09\/IMG_20240428_163003.jpg 751w, https:\/\/lafermedes1000couleurs.fr\/wp-content\/uploads\/2024\/09\/IMG_20240428_163003-225x300.jpg 225w\" sizes=\"auto, (max-width: 751px) 100vw, 751px\" \/><\/figure><\/div>\n","protected":false},"excerpt":{"rendered":"<p>Si vous \u00eates ici, c&#8217;est parce que nous avons r\u00e9ussi \u00e0 \u00e9tablir une alchimie, une harmonie, une&#8230; bref il faut qu&#8217;on le dise, alors 1000 mercis \u00e0 Margot et Agathe Margot Agathe et Juliette Manon Mitja et Mitia Lilou Petit Noyau Malcom ( The Crooner ) Ana\u00eblle et Marketa Juliette et P\u00e9rine Leonardo et Lilou [&hellip;]<\/p>\n","protected":false},"author":1,"featured_media":0,"parent":0,"menu_order":0,"comment_status":"closed","ping_status":"closed","template":"","meta":{"footnotes":""},"class_list":["post-41","page","type-page","status-publish","hentry"],"_links":{"self":[{"href":"https:\/\/lafermedes1000couleurs.fr\/index.php\/wp-json\/wp\/v2\/pages\/41","targetHints":{"allow":["GET"]}}],"collection":[{"href":"https:\/\/lafermedes1000couleurs.fr\/index.php\/wp-json\/wp\/v2\/pages"}],"about":[{"href":"https:\/\/lafermedes1000couleurs.fr\/index.php\/wp-json\/wp\/v2\/types\/page"}],"author":[{"embeddable":true,"href":"https:\/\/lafermedes1000couleurs.fr\/index.php\/wp-json\/wp\/v2\/users\/1"}],"replies":[{"embeddable":true,"href":"https:\/\/lafermedes1000couleurs.fr\/index.php\/wp-json\/wp\/v2\/comments?post=41"}],"version-history":[{"count":3,"href":"https:\/\/lafermedes1000couleurs.fr\/index.php\/wp-json\/wp\/v2\/pages\/41\/revisions"}],"predecessor-version":[{"id":96,"href":"https:\/\/lafermedes1000couleurs.fr\/index.php\/wp-json\/wp\/v2\/pages\/41\/revisions\/96"}],"wp:attachment":[{"href":"https:\/\/lafermedes1000couleurs.fr\/index.php\/wp-json\/wp\/v2\/media?parent=41"}],"curies":[{"name":"wp","href":"https:\/\/api.w.org\/{rel}","templated":true}]}}