{"id":67,"date":"2024-09-01T15:48:50","date_gmt":"2024-09-01T13:48:50","guid":{"rendered":"https:\/\/lafermedes1000couleurs.fr\/?page_id=67"},"modified":"2024-09-01T15:52:43","modified_gmt":"2024-09-01T13:52:43","slug":"ou-sommes-nous","status":"publish","type":"page","link":"https:\/\/lafermedes1000couleurs.fr\/index.php\/ou-sommes-nous\/","title":{"rendered":"O\u00f9 sommes nous ?"},"content":{"rendered":"\n<figure class=\"wp-block-image size-full\"><img loading=\"lazy\" decoding=\"async\" width=\"753\" height=\"753\" src=\"https:\/\/lafermedes1000couleurs.fr\/wp-content\/uploads\/2024\/09\/ou-sommes-nous-1.jpg\" alt=\"\" class=\"wp-image-74\" srcset=\"https:\/\/lafermedes1000couleurs.fr\/wp-content\/uploads\/2024\/09\/ou-sommes-nous-1.jpg 753w, https:\/\/lafermedes1000couleurs.fr\/wp-content\/uploads\/2024\/09\/ou-sommes-nous-1-300x300.jpg 300w, https:\/\/lafermedes1000couleurs.fr\/wp-content\/uploads\/2024\/09\/ou-sommes-nous-1-150x150.jpg 150w\" sizes=\"auto, (max-width: 753px) 100vw, 753px\" \/><\/figure>\n\n\n\n<p>Certains disent &#8220;Au bout du Monde&#8221;, d&#8217;autres &#8220;sur la WEST COAST du Cotentin&#8221;, o\u00f9 tout simplement :<\/p>\n\n\n\n<div class=\"wp-block-media-text has-media-on-the-right is-stacked-on-mobile\"><div class=\"wp-block-media-text__content\">\n<p>13 Hameau Carpentier \u00e0 H\u00e9auville 50340<\/p>\n<\/div><figure class=\"wp-block-media-text__media\"><img loading=\"lazy\" decoding=\"async\" width=\"751\" height=\"1000\" src=\"https:\/\/lafermedes1000couleurs.fr\/wp-content\/uploads\/2024\/09\/IMG_20240407_125620.jpg\" alt=\"\" class=\"wp-image-68 size-full\" srcset=\"https:\/\/lafermedes1000couleurs.fr\/wp-content\/uploads\/2024\/09\/IMG_20240407_125620.jpg 751w, https:\/\/lafermedes1000couleurs.fr\/wp-content\/uploads\/2024\/09\/IMG_20240407_125620-225x300.jpg 225w\" sizes=\"auto, (max-width: 751px) 100vw, 751px\" \/><\/figure><\/div>\n\n\n\n<div class=\"wp-block-media-text is-stacked-on-mobile\"><figure class=\"wp-block-media-text__media\"><img loading=\"lazy\" decoding=\"async\" width=\"1024\" height=\"771\" src=\"https:\/\/lafermedes1000couleurs.fr\/wp-content\/uploads\/2024\/09\/PXL_20240810_180727694-1024x771.jpg\" alt=\"\" class=\"wp-image-76 size-full\" srcset=\"https:\/\/lafermedes1000couleurs.fr\/wp-content\/uploads\/2024\/09\/PXL_20240810_180727694-1024x771.jpg 1024w, https:\/\/lafermedes1000couleurs.fr\/wp-content\/uploads\/2024\/09\/PXL_20240810_180727694-300x226.jpg 300w, https:\/\/lafermedes1000couleurs.fr\/wp-content\/uploads\/2024\/09\/PXL_20240810_180727694-768x578.jpg 768w, https:\/\/lafermedes1000couleurs.fr\/wp-content\/uploads\/2024\/09\/PXL_20240810_180727694-1536x1157.jpg 1536w, https:\/\/lafermedes1000couleurs.fr\/wp-content\/uploads\/2024\/09\/PXL_20240810_180727694-2048x1542.jpg 2048w\" sizes=\"auto, (max-width: 1024px) 100vw, 1024px\" \/><\/figure><div class=\"wp-block-media-text__content\">\n<p>Et effectivement il y a la mer \u00e0 10 minutes en v\u00e9lo<\/p>\n<\/div><\/div>\n","protected":false},"excerpt":{"rendered":"<p>Certains disent &#8220;Au bout du Monde&#8221;, d&#8217;autres &#8220;sur la WEST COAST du Cotentin&#8221;, o\u00f9 tout simplement : 13 Hameau Carpentier \u00e0 H\u00e9auville 50340 Et effectivement il y a la mer \u00e0 10 minutes en v\u00e9lo<\/p>\n","protected":false},"author":1,"featured_media":0,"parent":0,"menu_order":0,"comment_status":"closed","ping_status":"closed","template":"","meta":{"footnotes":""},"class_list":["post-67","page","type-page","status-publish","hentry"],"_links":{"self":[{"href":"https:\/\/lafermedes1000couleurs.fr\/index.php\/wp-json\/wp\/v2\/pages\/67","targetHints":{"allow":["GET"]}}],"collection":[{"href":"https:\/\/lafermedes1000couleurs.fr\/index.php\/wp-json\/wp\/v2\/pages"}],"about":[{"href":"https:\/\/lafermedes1000couleurs.fr\/index.php\/wp-json\/wp\/v2\/types\/page"}],"author":[{"embeddable":true,"href":"https:\/\/lafermedes1000couleurs.fr\/index.php\/wp-json\/wp\/v2\/users\/1"}],"replies":[{"embeddable":true,"href":"https:\/\/lafermedes1000couleurs.fr\/index.php\/wp-json\/wp\/v2\/comments?post=67"}],"version-history":[{"count":4,"href":"https:\/\/lafermedes1000couleurs.fr\/index.php\/wp-json\/wp\/v2\/pages\/67\/revisions"}],"predecessor-version":[{"id":77,"href":"https:\/\/lafermedes1000couleurs.fr\/index.php\/wp-json\/wp\/v2\/pages\/67\/revisions\/77"}],"wp:attachment":[{"href":"https:\/\/lafermedes1000couleurs.fr\/index.php\/wp-json\/wp\/v2\/media?parent=67"}],"curies":[{"name":"wp","href":"https:\/\/api.w.org\/{rel}","templated":true}]}}